{"id":55,"date":"2017-10-06T18:50:05","date_gmt":"2017-10-06T18:50:05","guid":{"rendered":"http:\/\/amsign.fi\/?page_id=55"},"modified":"2024-10-30T15:01:09","modified_gmt":"2024-10-30T15:01:09","slug":"tyoharjoittelijat","status":"publish","type":"page","link":"https:\/\/amsign.fi\/index.php\/yhteystiedot\/tyoharjoittelijat\/","title":{"rendered":"Ty\u00f6harjoittelijat"},"content":{"rendered":"<h2><span style=\"color: #800080;\">Hyv\u00e4 tulkkiopiskelija<\/span><\/h2>\n<p><b>Voit ottaa minuun rohkeasti yhteytt\u00e4\u00a0 milloin vain! <\/b><\/p>\n<p>Voit j\u00e4tt\u00e4\u00e4 harjoitteluhakemuksesi, CV:si ja viittoma- tai tulkkausn\u00e4yttesi s\u00e4hk\u00f6postitse koska tahansa.\u00a0 Ilmoitathan yhteydenotossasi\u00a0 my\u00f6s perustietosi, koulupaikkasi ja vuosiluokkasi. Jos olet kolmannen tai nelj\u00e4nnen vuosikurssin opiskelija, liit\u00e4th\u00e4n hakemukseesi tulkkausn\u00e4ytteen. Jokainen l\u00e4hett\u00e4m\u00e4si esittely, video tai hakemus on k\u00e4yntikorttisi tulevaisuutta varten. Jokainen yhteydenottosi on aina t\u00e4rke\u00e4 osa tulkkausalalle verkostoitumista.<\/p>\n<p><strong>Yrit\u00e4n vastata kaikkiin yhteydenottoihin mahdollisimman nopeasti!<\/strong><\/p>\n","protected":false},"excerpt":{"rendered":"<p>Hyv\u00e4 tulkkiopiskelija Voit ottaa minuun rohkeasti yhteytt\u00e4\u00a0 milloin vain! Voit j\u00e4tt\u00e4\u00e4 harjoitteluhakemuksesi, CV:si ja viittoma- tai tulkkausn\u00e4yttesi s\u00e4hk\u00f6postitse koska tahansa.\u00a0[&#8230;]<\/p>\n","protected":false},"author":1,"featured_media":0,"parent":26,"menu_order":0,"comment_status":"closed","ping_status":"closed","template":"","meta":{"footnotes":""},"class_list":["post-55","page","type-page","status-publish","hentry"],"_links":{"self":[{"href":"https:\/\/amsign.fi\/index.php\/wp-json\/wp\/v2\/pages\/55","targetHints":{"allow":["GET"]}}],"collection":[{"href":"https:\/\/amsign.fi\/index.php\/wp-json\/wp\/v2\/pages"}],"about":[{"href":"https:\/\/amsign.fi\/index.php\/wp-json\/wp\/v2\/types\/page"}],"author":[{"embeddable":true,"href":"https:\/\/amsign.fi\/index.php\/wp-json\/wp\/v2\/users\/1"}],"replies":[{"embeddable":true,"href":"https:\/\/amsign.fi\/index.php\/wp-json\/wp\/v2\/comments?post=55"}],"version-history":[{"count":1,"href":"https:\/\/amsign.fi\/index.php\/wp-json\/wp\/v2\/pages\/55\/revisions"}],"predecessor-version":[{"id":279,"href":"https:\/\/amsign.fi\/index.php\/wp-json\/wp\/v2\/pages\/55\/revisions\/279"}],"up":[{"embeddable":true,"href":"https:\/\/amsign.fi\/index.php\/wp-json\/wp\/v2\/pages\/26"}],"wp:attachment":[{"href":"https:\/\/amsign.fi\/index.php\/wp-json\/wp\/v2\/media?parent=55"}],"curies":[{"name":"wp","href":"https:\/\/api.w.org\/{rel}","templated":true}]}}