{"id":53,"date":"2017-10-06T18:47:15","date_gmt":"2017-10-06T18:47:15","guid":{"rendered":"http:\/\/amsign.fi\/?page_id=53"},"modified":"2024-10-31T06:21:16","modified_gmt":"2024-10-31T06:21:16","slug":"esittely","status":"publish","type":"page","link":"https:\/\/amsign.fi\/index.php\/esittely\/","title":{"rendered":"Esittely"},"content":{"rendered":"\n<h2 class=\"wp-block-heading\"><span style=\"color: #800080;\">Min\u00e4 &#8211;&nbsp; my\u00f6s viittomakielinen&nbsp;<\/span><\/h2>\n\n\n\n<p>Olen kuurojen vanhempien kuuleva lapsi eli coda.&nbsp; Synnyin viittomakieliseen perheeseen ja sukuun eli \u00e4idinkieleni sek\u00e4 ensikieleni on suomalainen viittomakieli.&nbsp;Vanhempani ovat aina viittoneet meille lapsille, joten min\u00e4kin opin ilmaisemaan itse\u00e4ni ensin viittoen ja my\u00f6hemmin vasta puheella. Olen kasvanut viittomakielisen yhteis\u00f6n j\u00e4seneksi ja yhteensovittanut tulkin ty\u00f6n kautta kuurojen kulttuurin, kielen ja oman identiteettini yhteen.<\/p>\n\n\n\n<p>Kirjoitin ylioppilaaksi vuonna 2011. Muutama vuosi lukion j\u00e4lkeen p\u00e4\u00e4tin, ett\u00e4 haluan hy\u00f6dynt\u00e4\u00e4 viittomakielentaitoani tulevassa ty\u00f6ss\u00e4ni. Hakeuduin viittomakielen tulkkikoulutukseen Diakonia-ammattikorkeakouluun ja valmistuin kev\u00e4\u00e4ll\u00e4 2017 nimikkeell\u00e4 tulkki (AMK).&nbsp; Opiskeluaikana hy\u00f6dynsin ja sovelsin aikaisemmin el\u00e4m\u00e4ss\u00e4ni kohtaamiani tulkkaustilanteita.&nbsp; Nuo arvokkaat el\u00e4m\u00e4nkokemukset ovatkin opettaneet minulle paljon k\u00e4yt\u00e4nn\u00f6n asioita tulkin roolista ja ty\u00f6st\u00e4. Mielest\u00e4ni tulkin on t\u00e4rke\u00e4\u00e4 ymm\u00e4rt\u00e4\u00e4 my\u00f6s asiakkaan n\u00e4k\u00f6kulma tulkkaustilanteeseen, jotta tulkkaus etenee mahdollisimman sujuvasti ja tasa-arvoisesti.<\/p>\n\n\n\n<p>Sain t\u00f6it\u00e4 heti valmistuttuani. Kaksikielisen\u00e4 tulkkina vahvuuteni on sujuva viittomakielen ymm\u00e4rrys ja luontainen samaistuminen kuurojen kulttuuriin. Kohtaan asiakkaan aina yksil\u00f6llisesti ja luon jokaisesta tulkkaustilanteesta kielellisesti tasa-arvoisen. Tulkkaustilanteita onkin laidasta laitaan ja otan p\u00e4ivitt\u00e4iset haasteet rohkeasti vastaan!&nbsp; Tulkkina ja yksityisyritt\u00e4j\u00e4n\u00e4 minua motivoi eniten asiakkailta saamani positiivinen palaute.<\/p>\n\n\n\n<p><span style=\"color: #800080;\"><em><strong>Viittomakielen tulkki &#8211; mik\u00e4 voisikaan olla minulle luonnollisempi ammatinvalinta!<\/strong><\/em><\/span><\/p>\n\n\n<div class=\"wp-block-image\">\n<figure class=\"alignleft size-large is-resized\"><img loading=\"lazy\" decoding=\"async\" width=\"857\" height=\"1024\" src=\"https:\/\/amsign.fi\/wp-content\/uploads\/2024\/10\/tuktuk-857x1024.jpg\" alt=\"\" class=\"wp-image-288\" style=\"width:auto;height:300px\" srcset=\"https:\/\/amsign.fi\/wp-content\/uploads\/2024\/10\/tuktuk-857x1024.jpg 857w, https:\/\/amsign.fi\/wp-content\/uploads\/2024\/10\/tuktuk-251x300.jpg 251w, https:\/\/amsign.fi\/wp-content\/uploads\/2024\/10\/tuktuk-768x917.jpg 768w, https:\/\/amsign.fi\/wp-content\/uploads\/2024\/10\/tuktuk-1286x1536.jpg 1286w, https:\/\/amsign.fi\/wp-content\/uploads\/2024\/10\/tuktuk-1715x2048.jpg 1715w\" sizes=\"auto, (max-width: 857px) 100vw, 857px\" \/><\/figure>\n<\/div>\n\n\n<p>Reissaan aktiivisesti ja tykk\u00e4\u00e4n matkustella Suomessa ja ulkomailla. Matkustelu on kartuttanut yleisesti ongelmanratkaisutaitojani, kasvattanut rauhallisuutta ja k\u00e4rsiv\u00e4llisyytt\u00e4. N\u00e4m\u00e4 hyv\u00e4t ominaisuuteni ovat auttaneet selviytym\u00e4\u00e4n monistakin j\u00e4nnitt\u00e4vist\u00e4 tilanteista. Kiitett\u00e4v\u00e4 englannin kielen taitoni on auttanut niiss\u00e4 lukuisissa tilanteissa, joita olen kohdannut matkustaessani kolmella eri maailman mantereella.<\/p>\n\n\n<div class=\"wp-block-image\">\n<figure class=\"alignright size-large is-resized\"><img loading=\"lazy\" decoding=\"async\" width=\"1024\" height=\"768\" src=\"https:\/\/amsign.fi\/wp-content\/uploads\/2024\/10\/kiska-1024x768.jpg\" alt=\"\" class=\"wp-image-286\" style=\"width:300px\" srcset=\"https:\/\/amsign.fi\/wp-content\/uploads\/2024\/10\/kiska-1024x768.jpg 1024w, https:\/\/amsign.fi\/wp-content\/uploads\/2024\/10\/kiska-300x225.jpg 300w, https:\/\/amsign.fi\/wp-content\/uploads\/2024\/10\/kiska-768x576.jpg 768w, https:\/\/amsign.fi\/wp-content\/uploads\/2024\/10\/kiska-1536x1152.jpg 1536w, https:\/\/amsign.fi\/wp-content\/uploads\/2024\/10\/kiska-2048x1536.jpg 2048w\" sizes=\"auto, (max-width: 1024px) 100vw, 1024px\" \/><\/figure>\n<\/div>\n\n\n<p>Harrastin nuorempana lentopalloa maajoukkuetasolla, joten erilaiset palloilulajit ja joukkuepelit ovat tulleet minulle todella tutuiksi. Ty\u00f6skentelin opintojeni ohessa&nbsp; kaupan alalla vastuuteht\u00e4viss\u00e4 yhteens\u00e4 kuusi vuotta. Tosinaan olen my\u00f6s mukana j\u00e4rjest\u00e4m\u00e4ss\u00e4, em\u00e4nn\u00f6im\u00e4ss\u00e4 ja organisoimassa tapahtumia ja juhlia, muun muassa konsertteja, n\u00e4yttelyit\u00e4 ja juhlapyhien tilaisuuksia. N\u00e4m\u00e4 t\u00e4rke\u00e4t teht\u00e4v\u00e4t ovat opettaneet minulle huolellisuutta, k\u00e4rsiv\u00e4llisyytt\u00e4 ja paljon rohkeutta. Lis\u00e4ksi pid\u00e4n kaikesta luontoon liittyv\u00e4st\u00e4, el\u00e4imet ovat l\u00e4hell\u00e4 syd\u00e4nt\u00e4ni ja ruoanlaitto on yksi lempipuuhistani. Hy\u00f6dynn\u00e4nkin jatkuvasti oppimiani monipuolisia taitoja tulkin ty\u00f6ss\u00e4ni!<\/p>\n\n\n\n<h2 class=\"wp-block-heading\"><span style=\"color: #800080;\">Amsign mahdollistaa, ett\u00e4 viittomakieli kuuluu kaikille! <\/span><\/h2>\n\n\n\n<h2 class=\"wp-block-heading\"><span style=\"color: #800080;\">Ota rohkeasti yhteytt\u00e4!<\/span><\/h2>\n","protected":false},"excerpt":{"rendered":"<p>Min\u00e4 &#8211;&nbsp; my\u00f6s viittomakielinen&nbsp; Olen kuurojen vanhempien kuuleva lapsi eli coda.&nbsp; Synnyin viittomakieliseen perheeseen ja sukuun eli \u00e4idinkieleni sek\u00e4 ensikieleni[&#8230;]<\/p>\n","protected":false},"author":1,"featured_media":0,"parent":0,"menu_order":2,"comment_status":"closed","ping_status":"closed","template":"","meta":{"footnotes":""},"class_list":["post-53","page","type-page","status-publish","hentry"],"_links":{"self":[{"href":"https:\/\/amsign.fi\/index.php\/wp-json\/wp\/v2\/pages\/53","targetHints":{"allow":["GET"]}}],"collection":[{"href":"https:\/\/amsign.fi\/index.php\/wp-json\/wp\/v2\/pages"}],"about":[{"href":"https:\/\/amsign.fi\/index.php\/wp-json\/wp\/v2\/types\/page"}],"author":[{"embeddable":true,"href":"https:\/\/amsign.fi\/index.php\/wp-json\/wp\/v2\/users\/1"}],"replies":[{"embeddable":true,"href":"https:\/\/amsign.fi\/index.php\/wp-json\/wp\/v2\/comments?post=53"}],"version-history":[{"count":3,"href":"https:\/\/amsign.fi\/index.php\/wp-json\/wp\/v2\/pages\/53\/revisions"}],"predecessor-version":[{"id":289,"href":"https:\/\/amsign.fi\/index.php\/wp-json\/wp\/v2\/pages\/53\/revisions\/289"}],"wp:attachment":[{"href":"https:\/\/amsign.fi\/index.php\/wp-json\/wp\/v2\/media?parent=53"}],"curies":[{"name":"wp","href":"https:\/\/api.w.org\/{rel}","templated":true}]}}