{"id":24,"date":"2017-10-05T19:51:59","date_gmt":"2017-10-05T19:51:59","guid":{"rendered":"http:\/\/amsign.fi\/?page_id=24"},"modified":"2024-12-19T07:30:46","modified_gmt":"2024-12-19T07:30:46","slug":"palvelut","status":"publish","type":"page","link":"https:\/\/amsign.fi\/index.php\/palvelut\/","title":{"rendered":"Palvelut"},"content":{"rendered":"<p>Amsign Oy tarjoaa tulkkauspalveluita viittomakielisille kuuroille, huonokuuloisille, kuuroutuneille, kuurosokeille ja kuuleville.<\/p>\n<p>Palvelut ovat:<\/p>\n<ul>\n<li>viittomakielen tulkkaus<\/li>\n<li>viitotun puheen tulkkaus<\/li>\n<li>taktiilitulkkaus<\/li>\n<li>kuvailu- ja toistotulkkaus<\/li>\n<li>saatto- ja opastusmenetelm\u00e4t<\/li>\n<li>viittomakieliset k\u00e4\u00e4nn\u00f6kset<\/li>\n<\/ul>\n<p><strong>Tarjoan viittomakielen- ja kuurosokeiden tulkkausta Kelan vammaisten tulkkauspalveluiden palveluntuottajana. Tulkkitilaukset v\u00e4litet\u00e4\u00e4n Kelan vammaisten tulkkauspalvelun v\u00e4lityskeskuksen, eli VATU:n kautta.\u00a0 Jos sinulla on tulkkip\u00e4\u00e4t\u00f6s, voit tehd\u00e4 tilauksen v\u00e4lityskeskuksesta.<\/strong><\/p>\n<p><a href=\"https:\/\/www.kela.fi\/vammaisten-tulkkauspalvelukeskus\" target=\"_blank\" rel=\"noopener noreferrer\">Ota yhteytt\u00e4 Kelan v\u00e4lityskeskukseen t\u00e4st\u00e4 &gt;&gt;<\/a><\/p>\n<p>Erilaisia tulkkaustilanteita voivat olla esimerkiksi ty\u00f6el\u00e4m\u00e4\u00e4n, opiskeluun, juhliin, virastoasiointiin, harrastuksiin tai ulkomaanmatkaan liittyv\u00e4 tulkkaus. Puhun sujuvasti englantia ja olen matkustellut paljon ulkomailla. Erityisosaamista minulla on urheilun, kuten joukkue- ja palloilulajien parissa, opiskelutulkkauksessa ja perehdytys, sek\u00e4 koulutuspainotteisessa tulkkauksessa.\u00a0 Tuttua minulle on my\u00f6s uinti ja sukeltaminen, vapaiden uskontosuuntien hengellinen tulkkaus, terapia ja sielunhoito, lapsille tulkkaaminen sek\u00e4 ruoka- ja kiinteist\u00f6nhoidon alat.<\/p>\n<p><strong>Tarjoan my\u00f6s Kelan tulkkauspalvelusta riippumattomia tulkkaus- ja k\u00e4\u00e4nn\u00f6spalveluja:<\/strong><\/p>\n<ul>\n<li>Yksityiset viittomakielen tulkkausta vaativat tilanteet<\/li>\n<li>Kuurosokeille tulkkaus ja opastusmenetelm\u00e4t (taktiili)<\/li>\n<li>Erilaiset puhetulkkaukset, eli spiikkaukset kuuleville<\/li>\n<li>Muut viittomakielentulkkaukseen liittyv\u00e4t asiantuntijapalvelut<\/li>\n<\/ul>\n<p>Voit ottaa minuun suoraan yhteytt\u00e4 pyyt\u00e4\u00e4ksesi tulkkaustarjouksen, l\u00e4hett\u00e4\u00e4 kysymyksi\u00e4, terveisi\u00e4 tai olla yhteydess\u00e4 muissa asioissa. Tiedot l\u00f6ytyv\u00e4t <strong><span style=\"color: #800080;\">YHTEYSTIEDOT<\/span><\/strong>-sivulla.<\/p>\n","protected":false},"excerpt":{"rendered":"<p>Amsign Oy tarjoaa tulkkauspalveluita viittomakielisille kuuroille, huonokuuloisille, kuuroutuneille, kuurosokeille ja kuuleville. Palvelut ovat: viittomakielen tulkkaus viitotun puheen tulkkaus taktiilitulkkaus kuvailu-[&#8230;]<\/p>\n","protected":false},"author":1,"featured_media":0,"parent":0,"menu_order":3,"comment_status":"closed","ping_status":"closed","template":"","meta":{"footnotes":""},"class_list":["post-24","page","type-page","status-publish","hentry"],"_links":{"self":[{"href":"https:\/\/amsign.fi\/index.php\/wp-json\/wp\/v2\/pages\/24","targetHints":{"allow":["GET"]}}],"collection":[{"href":"https:\/\/amsign.fi\/index.php\/wp-json\/wp\/v2\/pages"}],"about":[{"href":"https:\/\/amsign.fi\/index.php\/wp-json\/wp\/v2\/types\/page"}],"author":[{"embeddable":true,"href":"https:\/\/amsign.fi\/index.php\/wp-json\/wp\/v2\/users\/1"}],"replies":[{"embeddable":true,"href":"https:\/\/amsign.fi\/index.php\/wp-json\/wp\/v2\/comments?post=24"}],"version-history":[{"count":3,"href":"https:\/\/amsign.fi\/index.php\/wp-json\/wp\/v2\/pages\/24\/revisions"}],"predecessor-version":[{"id":292,"href":"https:\/\/amsign.fi\/index.php\/wp-json\/wp\/v2\/pages\/24\/revisions\/292"}],"wp:attachment":[{"href":"https:\/\/amsign.fi\/index.php\/wp-json\/wp\/v2\/media?parent=24"}],"curies":[{"name":"wp","href":"https:\/\/api.w.org\/{rel}","templated":true}]}}