{"id":22,"date":"2017-10-05T19:51:46","date_gmt":"2017-10-05T19:51:46","guid":{"rendered":"http:\/\/amsign.fi\/?page_id=22"},"modified":"2024-12-19T07:00:19","modified_gmt":"2024-12-19T07:00:19","slug":"etusivu","status":"publish","type":"page","link":"https:\/\/amsign.fi\/","title":{"rendered":"Etusivu"},"content":{"rendered":"\n<h2 class=\"wp-block-heading\"><span style=\"color: #800080;\">Viittomakieli kuuluu kaikille!<\/span><\/h2>\n\n\n<div class=\"wp-block-image wp-image-185\">\n<figure class=\"alignleft size-large is-resized\"><img loading=\"lazy\" decoding=\"async\" width=\"682\" height=\"1024\" src=\"https:\/\/amsign.fi\/wp-content\/uploads\/2024\/10\/ama-682x1024.jpg\" alt=\"\" class=\"wp-image-256\" style=\"width:300px\" srcset=\"https:\/\/amsign.fi\/wp-content\/uploads\/2024\/10\/ama-682x1024.jpg 682w, https:\/\/amsign.fi\/wp-content\/uploads\/2024\/10\/ama-200x300.jpg 200w, https:\/\/amsign.fi\/wp-content\/uploads\/2024\/10\/ama-768x1153.jpg 768w, https:\/\/amsign.fi\/wp-content\/uploads\/2024\/10\/ama-1023x1536.jpg 1023w, https:\/\/amsign.fi\/wp-content\/uploads\/2024\/10\/ama.jpg 1066w\" sizes=\"auto, (max-width: 682px) 100vw, 682px\" \/><figcaption class=\"wp-element-caption\"><em>Kuva: Nina Lusto<\/em><\/figcaption><\/figure>\n<\/div>\n\n\n<p>Amsign Oy on viittomakielen tulkkausta ja muita viittomakielisi\u00e4 k\u00e4\u00e4nn\u00f6spalveluja tarjoava yritys. Amsign Oy on Kelan vammaisten tulkkauspalveluiden sopimuskumppani ja toteuttaa Kelan kautta tulevia tulkkaustilauksia 1.12.2024 alkaen.<\/p>\n\n\n\n<p>Ty\u00f6skentelyalue on keskinen v\u00e4litysalue, l\u00e4ht\u00f6kuntana Jyv\u00e4skyl\u00e4.<\/p>\n\n\n\n<p>N\u00e4ill\u00e4 sivuilla voit tutustua enemm\u00e4n minuun ja yritykseni toimintaan ja sen periaatteisiin.<\/p>\n\n\n\n<p><span style=\"color: #800080;\"><em><strong>Tervetuloa tutustumaan!<\/strong><\/em><\/span><\/p>\n\n\n\n<p>Tulkki Amanda Jouhki, puh. 050 3581551<\/p>\n","protected":false},"excerpt":{"rendered":"<p>Viittomakieli kuuluu kaikille! Amsign Oy on viittomakielen tulkkausta ja muita viittomakielisi\u00e4 k\u00e4\u00e4nn\u00f6spalveluja tarjoava yritys. Amsign Oy on Kelan vammaisten tulkkauspalveluiden[&#8230;]<\/p>\n","protected":false},"author":1,"featured_media":0,"parent":0,"menu_order":1,"comment_status":"closed","ping_status":"closed","template":"","meta":{"footnotes":""},"class_list":["post-22","page","type-page","status-publish","hentry"],"_links":{"self":[{"href":"https:\/\/amsign.fi\/index.php\/wp-json\/wp\/v2\/pages\/22","targetHints":{"allow":["GET"]}}],"collection":[{"href":"https:\/\/amsign.fi\/index.php\/wp-json\/wp\/v2\/pages"}],"about":[{"href":"https:\/\/amsign.fi\/index.php\/wp-json\/wp\/v2\/types\/page"}],"author":[{"embeddable":true,"href":"https:\/\/amsign.fi\/index.php\/wp-json\/wp\/v2\/users\/1"}],"replies":[{"embeddable":true,"href":"https:\/\/amsign.fi\/index.php\/wp-json\/wp\/v2\/comments?post=22"}],"version-history":[{"count":6,"href":"https:\/\/amsign.fi\/index.php\/wp-json\/wp\/v2\/pages\/22\/revisions"}],"predecessor-version":[{"id":295,"href":"https:\/\/amsign.fi\/index.php\/wp-json\/wp\/v2\/pages\/22\/revisions\/295"}],"wp:attachment":[{"href":"https:\/\/amsign.fi\/index.php\/wp-json\/wp\/v2\/media?parent=22"}],"curies":[{"name":"wp","href":"https:\/\/api.w.org\/{rel}","templated":true}]}}